{"id":12,"date":"2023-11-09T03:35:28","date_gmt":"2023-11-09T03:35:28","guid":{"rendered":"https:\/\/www.letsung.de\/?page_id=12"},"modified":"2023-11-24T12:03:44","modified_gmt":"2023-11-24T11:03:44","slug":"versand","status":"publish","type":"page","link":"https:\/\/www.letsung.de\/en\/shipment\/","title":{"rendered":"SHIPPING"},"content":{"rendered":"<p>LETSUNG works tirelessly to ensure that your orders are delivered to your home as quickly as possible.<\/p>\n\n\n\n<h4 class=\"wp-block-heading\"><strong>Shipping area<\/strong><\/h4>\n\n\n\n<p>We have a local warehouse in Germany.<\/p>\n\n\n\n<p>Orders via www.letsung.de can be shipped to the EU area.<\/p>\n\n\n\n<h4 class=\"wp-block-heading\">v<strong>working time<\/strong><\/h4>\n\n\n\n<p>Processing orders via www.letsung.de takes approx. 1-2 working days.<\/p>\n\n\n\n<h4 class=\"wp-block-heading\">Order changes and cancellations<\/h4>\n\n\n\n<p>Order changes and cancellations are possible before the product is shipped.<\/p>\n\n\n\n<p>Please note that LETSUNG charges a processing fee of 5% if you cancel an order for personal reasons.<\/p>\n\n\n\n<p>If you have any questions, please contact our customer service before shipping the product.<\/p>\n\n\n\n<h4 class=\"wp-block-heading\"><strong>Delivery time<\/strong><\/h4>\n\n\n\n<p>Orders take approximately 2 to 8 working days to be shipped from our warehouse in Germany to you (within Germany).<\/p>\n\n\n\n<p>For shipping to non-EU countries, LETSUNG ships directly from the factory, and the shipping time is about 7-12 working days.<\/p>\n\n\n\n<h4 class=\"wp-block-heading\">Shipping methods<\/h4>\n\n\n\n<p>Standard Shipping: Shipped by Amazon (FBA), DHL or other local shipping methods.<\/p>\n\n\n\n<h4 class=\"wp-block-heading\">Shipping<\/h4>\n\n\n\n<p>Free delivery is now possible for orders within Germany.<\/p>\n\n\n\n<p>Postage fees apply for non-EU regions. Please see the \u201cCheckout\u201d page for more information.<\/p>\n\n\n\n<h4 class=\"wp-block-heading\">Track your order<\/h4>\n\n\n\n<p>If you place an order on www.geekom.de, you will automatically receive an email from LETSUNG with shipping information. Customers can also track the order using the \u201cTRACK\u201d button.<\/p>\n\n\n\n<p>You can also check the package status by visiting this URL: https:\/\/www.17track.net\/en<\/p>\n\n\n\n<p>If you have any questions about the shipping process, please contact our&nbsp;<a href=\"https:\/\/www.geekom.de\/kontaktieren\">Customer service<\/a>.<\/p>\n\n\n\n<h4 class=\"wp-block-heading\">Returning the order<\/h4>\n\n\n\n<p>LETSUNG accepts returns within 30 days from delivery of the package. To find out more, please click here.<\/p>","protected":false},"excerpt":{"rendered":"<p>LETSUNG arbeitet unerm\u00fcdlich daran, dass Ihre Bestellungen so schnell wie m\u00f6glich zu Ihnen nach Hause geliefert werden. Versandbereich Wir haben ein lokales Lager in Deutschland. Bestellungen \u00fcber www.letsung.de k\u00f6nnen in den EU-Raum versendet werden. Verarbeitungszeit Die Bearbeitung von Bestellungen \u00fcber www.letsung.de dauert ca. 1-2 Werktage. Bestell\u00e4nderungen und Stornierungen Bestell\u00e4nderungen und -stornierungen sind m\u00f6glich, bevor das [&hellip;]<\/p>","protected":false},"author":1,"featured_media":0,"parent":0,"menu_order":0,"comment_status":"closed","ping_status":"closed","template":"","meta":{"footnotes":""},"class_list":["post-12","page","type-page","status-publish","hentry"],"_links":{"self":[{"href":"https:\/\/www.letsung.de\/en\/wp-json\/wp\/v2\/pages\/12","targetHints":{"allow":["GET"]}}],"collection":[{"href":"https:\/\/www.letsung.de\/en\/wp-json\/wp\/v2\/pages"}],"about":[{"href":"https:\/\/www.letsung.de\/en\/wp-json\/wp\/v2\/types\/page"}],"author":[{"embeddable":true,"href":"https:\/\/www.letsung.de\/en\/wp-json\/wp\/v2\/users\/1"}],"replies":[{"embeddable":true,"href":"https:\/\/www.letsung.de\/en\/wp-json\/wp\/v2\/comments?post=12"}],"version-history":[{"count":0,"href":"https:\/\/www.letsung.de\/en\/wp-json\/wp\/v2\/pages\/12\/revisions"}],"wp:attachment":[{"href":"https:\/\/www.letsung.de\/en\/wp-json\/wp\/v2\/media?parent=12"}],"curies":[{"name":"wp","href":"https:\/\/api.w.org\/{rel}","templated":true}]}}